{"id":903,"date":"2019-11-17T09:38:28","date_gmt":"2019-11-17T09:38:28","guid":{"rendered":"https:\/\/ice-cool.at\/?page_id=903"},"modified":"2019-11-17T09:52:26","modified_gmt":"2019-11-17T09:52:26","slug":"buchen","status":"publish","type":"page","link":"https:\/\/ice-cool.at\/de\/buchen\/","title":{"rendered":"Buchen"},"content":{"rendered":"<div class=\"wpb-content-wrapper\"><p>[vc_row row_height_percent=&#8220;0&#8243; override_padding=&#8220;yes&#8220; h_padding=&#8220;2&#8243; top_padding=&#8220;3&#8243; bottom_padding=&#8220;3&#8243; back_color=&#8220;DN-50&#8243; overlay_alpha=&#8220;50&#8243; gutter_size=&#8220;3&#8243; column_width_percent=&#8220;100&#8243; shift_y=&#8220;0&#8243; z_index=&#8220;10&#8243; row_name=&#8220;direct boeken&#8220;][vc_column column_width_percent=&#8220;100&#8243; gutter_size=&#8220;4&#8243; overlay_alpha=&#8220;50&#8243; shift_x=&#8220;0&#8243; shift_y=&#8220;0&#8243; shift_y_down=&#8220;0&#8243; z_index=&#8220;10&#8243; medium_width=&#8220;0&#8243; mobile_width=&#8220;0&#8243; width=&#8220;1\/1&#8243;][vc_row_inner row_inner_height_percent=&#8220;0&#8243; overlay_alpha=&#8220;50&#8243; gutter_size=&#8220;4&#8243; shift_y=&#8220;0&#8243;][vc_column_inner column_width_percent=&#8220;100&#8243; gutter_size=&#8220;3&#8243; override_padding=&#8220;yes&#8220; column_padding=&#8220;3&#8243; back_color=&#8220;color-206064&#8243; overlay_alpha=&#8220;50&#8243; shift_x=&#8220;0&#8243; shift_y=&#8220;0&#8243; shift_y_down=&#8220;0&#8243; z_index=&#8220;10&#8243; medium_width=&#8220;0&#8243; mobile_width=&#8220;0&#8243; shadow=&#8220;lg&#8220; radius=&#8220;sm&#8220; width=&#8220;9\/12&#8243;][vc_custom_heading heading_semantic=&#8220;h3&#8243; subheading=&#8220;Buchen Sie Ihr Chalet bei Ice Cool Residences mit Hilfe des nachfolgenden Formulars&#8220;]Buchen[\/vc_custom_heading][vc_raw_html]JTNDZGl2JTIwaWQlM0QlMjJlYkZyb250RW5kRnJhbWUlMjIlM0UlM0MlMkZkaXYlM0U=[\/vc_raw_html][vc_raw_js]JTNDc2NyaXB0JTIwc3JjJTNEJTIyJTJGJTJGd3d3LmVhc3ktYm9va2luZy5hdCUyRmNsaWVudFdlYjAwMSUyRmpzJTJGanF1ZXJ5LmVhc3lib29raW5nLmZyb250ZW5kLnYyLmpzJTIyJTNFJTNDJTJGc2NyaXB0JTNFJTBBJTNDc2NyaXB0JTIwdHlwZSUzRCUyMnRleHQlMkZqYXZhc2NyaXB0JTIyJTNFJTBBZnVuY3Rpb24lMjBlYkZyb250ZW5kTG9hZGVkQ2hlY2slMjglMjklMjAlN0IlMEElMjAlMjAlMjAlMjBpZiUyOHR5cGVvZiUyMGpRdWVyeSUyMCUyMSUzRCUyMCUyMnVuZGVmaW5lZCUyMiUyOSUyMCU3QiUwQSUyMCUyMCUyMCUyMCUyMCUyMCUyMCUyMGlmJTI4alF1ZXJ5LmZuLmViRnJvbnRFbmQlMjklMjAlN0IlMEElMjAlMjAlMjAlMjAlMjAlMjAlMjAlMjAlMjAlMjAlMjAlMjBqUXVlcnklMjglMjIlMjNlYkZyb250RW5kRnJhbWUlMjIlMjkuZWJGcm9udEVuZCUyOCU3QiUwQSUyMCUyMCUyMCUyMCUyMCUyMCUyMCUyMCUyMCUyMCUyMCUyMCUyMCUyMCUyMCUyMGN1c3RvbWVySWQlM0ElMjA4MzU3JTJDJTBBJTIwJTIwJTIwJTIwJTIwJTIwJTIwJTIwJTIwJTIwJTIwJTIwJTIwJTIwJTIwJTIwc2VyaWFsTm8lM0ElMjAlMjI2MDk5LTk2MDktOTc1MCUyMiUyQyUwQSUyMCUyMCUyMCUyMCUyMCUyMCUyMCUyMCUyMCUyMCUyMCUyMCUyMCUyMCUyMCUyMGxvY2FsZUlkJTNBJTIwMiUyQyUwQSUyMCUyMCUyMCUyMCUyMCUyMCUyMCUyMCUyMCUyMCUyMCUyMCUyMCUyMCUyMCUyMGZyYW1lSWQlM0ElMjAlMjJlYkZyb250RW5kUGx1Z2luJTIyJTJDJTBBJTIwJTIwJTIwJTIwJTIwJTIwJTIwJTIwJTIwJTIwJTIwJTIwJTIwJTIwJTIwJTIwZnJhbWVXaWR0aCUzQSUyMCUyMmF1dG8lMjIlMkMlMEElMjAlMjAlMjAlMjAlMjAlMjAlMjAlMjAlMjAlMjAlMjAlMjAlMjAlMjAlMjAlMjBmcmFtZUhlaWdodCUzQSUyMCUyMmF1dG8lMjIlMkMlMEElMjAlMjAlMjAlMjAlMjAlMjAlMjAlMjAlMjAlMjAlMjAlMjAlMjAlMjAlMjAlMjBjb252ZXJzaW9uUmVzZXJ2YXRpb24lM0ElMjAlMjIlMjIlMkMlMEElMjAlMjAlMjAlMjAlMjAlMjAlMjAlMjAlMjAlMjAlMjAlMjAlMjAlMjAlMjAlMjBjb252ZXJzaW9uRW5xdWlyeSUzQSUyMCUyMiUyMiUyQyUwQSUyMCUyMCUyMCUyMCUyMCUyMCUyMCUyMCUyMCUyMCUyMCUyMCUyMCUyMCUyMCUyMGZvbnRDb2xvciUzQSUyMCUyMiUyM2ZmZmZmZiUyMiUyQyUwQSUyMCUyMCUyMCUyMCUyMCUyMCUyMCUyMCUyMCUyMCUyMCUyMCUyMCUyMCUyMCUyMGhlYWRpbmdDb2xvciUzQSUyMCUyMiUyMzYyNjg2MCUyMiUyQyUwQSUyMCUyMCUyMCUyMCUyMCUyMCUyMCUyMCUyMCUyMCUyMCUyMCUyMCUyMCUyMCUyMGJhY2tncm91bmRDb2xvciUzQSUyMCUyMiUyMzYyNjg2MCUyMiUyQyUwQSUyMCUyMCUyMCUyMCUyMCUyMCUyMCUyMCUyMCUyMCUyMCUyMCUyMCUyMCUyMCUyMHJlc2l6ZUludGVydmFsJTNBJTIwMTAwJTBBJTIwJTIwJTIwJTIwJTIwJTIwJTIwJTIwJTIwJTIwJTIwJTIwJTdEJTI5JTNCJTBBJTIwJTIwJTIwJTIwJTIwJTIwJTIwJTIwJTdEJTIwZWxzZSUyMCU3QnNldFRpbWVvdXQlMjhlYkZyb250ZW5kTG9hZGVkQ2hlY2slMkMyMDAlMjklM0IlN0QlMEElMjAlMjAlMjAlMjAlN0QlMjBlbHNlJTIwJTdCc2V0VGltZW91dCUyOGViRnJvbnRlbmRMb2FkZWRDaGVjayUyQzIwMCUyOSUzQiU3RCUwQSU3RCUwQWViRnJvbnRlbmRMb2FkZWRDaGVjayUyOCUyOSUzQiUwQSUzQyUyRnNjcmlwdCUzRQ==[\/vc_raw_js][\/vc_column_inner][vc_column_inner column_width_percent=&#8220;100&#8243; gutter_size=&#8220;4&#8243; style=&#8220;dark&#8220; overlay_alpha=&#8220;50&#8243; shift_x=&#8220;0&#8243; shift_y=&#8220;0&#8243; shift_y_down=&#8220;0&#8243; z_index=&#8220;0&#8243; medium_width=&#8220;0&#8243; mobile_width=&#8220;0&#8243; sticky=&#8220;yes&#8220; width=&#8220;3\/12&#8243;][vc_empty_space empty_h=&#8220;2&#8243; mobile_visibility=&#8220;yes&#8220;][vc_single_image media=&#8220;815&#8243; media_width_percent=&#8220;70&#8243;][vc_column_text]<\/p>\n<h4>FRAGEN<\/h4>\n<p>Haben Sie Fragen, Sonderw\u00fcnsche oder m\u00f6chten Sie einfach nur mehr \u00fcber Ice Cool Residences erfahren? Bitte f\u00fcllen Sie das Kontaktformular aus, Sie bekommen so schnell wie m\u00f6glich eine Antwort.[\/vc_column_text][vc_button border_width=&#8220;0&#8243; link=&#8220;url:https%3A%2F%2Fice-cool.at%2Fde%2F%23kontakt|||&#8220;]Kontakt[\/vc_button][vc_column_text]<span lang=\"de\">Sie k\u00f6nnen uns auch gerne anrufen unter: <\/span><a href=\"tel:00310639798018\">+31 (0)6 3979 8018<\/a>.[\/vc_column_text][\/vc_column_inner][\/vc_row_inner][\/vc_column][\/vc_row]<\/p>\n<\/div>","protected":false},"excerpt":{"rendered":"<p>[vc_row row_height_percent=&#8220;0&#8243; override_padding=&#8220;yes&#8220; h_padding=&#8220;2&#8243; top_padding=&#8220;3&#8243; bottom_padding=&#8220;3&#8243; back_color=&#8220;DN-50&#8243; overlay_alpha=&#8220;50&#8243; gutter_size=&#8220;3&#8243; column_width_percent=&#8220;100&#8243; shift_y=&#8220;0&#8243; z_index=&#8220;10&#8243; row_name=&#8220;direct boeken&#8220;][vc_column column_width_percent=&#8220;100&#8243; gutter_size=&#8220;4&#8243; overlay_alpha=&#8220;50&#8243; shift_x=&#8220;0&#8243; shift_y=&#8220;0&#8243; shift_y_down=&#8220;0&#8243; [&hellip;]<\/p>\n","protected":false},"author":1,"featured_media":0,"parent":0,"menu_order":0,"comment_status":"closed","ping_status":"closed","template":"","meta":{"footnotes":""},"class_list":["post-903","page","type-page","status-publish","hentry"],"_links":{"self":[{"href":"https:\/\/ice-cool.at\/de\/wp-json\/wp\/v2\/pages\/903","targetHints":{"allow":["GET"]}}],"collection":[{"href":"https:\/\/ice-cool.at\/de\/wp-json\/wp\/v2\/pages"}],"about":[{"href":"https:\/\/ice-cool.at\/de\/wp-json\/wp\/v2\/types\/page"}],"author":[{"embeddable":true,"href":"https:\/\/ice-cool.at\/de\/wp-json\/wp\/v2\/users\/1"}],"replies":[{"embeddable":true,"href":"https:\/\/ice-cool.at\/de\/wp-json\/wp\/v2\/comments?post=903"}],"version-history":[{"count":4,"href":"https:\/\/ice-cool.at\/de\/wp-json\/wp\/v2\/pages\/903\/revisions"}],"predecessor-version":[{"id":931,"href":"https:\/\/ice-cool.at\/de\/wp-json\/wp\/v2\/pages\/903\/revisions\/931"}],"wp:attachment":[{"href":"https:\/\/ice-cool.at\/de\/wp-json\/wp\/v2\/media?parent=903"}],"curies":[{"name":"wp","href":"https:\/\/api.w.org\/{rel}","templated":true}]}}